{"id":2959,"date":"2024-12-11T13:30:10","date_gmt":"2024-12-11T13:30:10","guid":{"rendered":"https:\/\/ouzeez.3310street.com\/?page_id=2959"},"modified":"2024-12-11T13:44:17","modified_gmt":"2024-12-11T13:44:17","slug":"mentions-legales","status":"publish","type":"page","link":"https:\/\/ouzeez.fr\/?page_id=2959","title":{"rendered":"Mentions L\u00e9gales"},"content":{"rendered":"\t\t<div data-elementor-type=\"wp-page\" data-elementor-id=\"2959\" class=\"elementor elementor-2959\" data-elementor-settings=\"{&quot;ha_cmc_init_switcher&quot;:&quot;no&quot;}\" data-elementor-post-type=\"page\">\n\t\t\t\t\t\t<section class=\"elementor-section elementor-top-section elementor-element elementor-element-5f260b1 elementor-section-boxed elementor-section-height-default elementor-section-height-default\" data-id=\"5f260b1\" data-element_type=\"section\" data-e-type=\"section\" data-settings=\"{&quot;background_background&quot;:&quot;classic&quot;,&quot;_ha_eqh_enable&quot;:false}\">\n\t\t\t\t\t\t<div class=\"elementor-container elementor-column-gap-default\">\n\t\t\t\t\t<div class=\"elementor-column elementor-col-100 elementor-top-column elementor-element elementor-element-a6a061a\" data-id=\"a6a061a\" data-element_type=\"column\" data-e-type=\"column\">\n\t\t\t<div class=\"elementor-widget-wrap elementor-element-populated\">\n\t\t\t\t\t\t<div class=\"elementor-element elementor-element-72b9f85 elementor-widget-divider--view-line elementor-widget elementor-widget-divider\" data-id=\"72b9f85\" data-element_type=\"widget\" data-e-type=\"widget\" data-widget_type=\"divider.default\">\n\t\t\t\t<div class=\"elementor-widget-container\">\n\t\t\t\t\t\t\t<div class=\"elementor-divider\">\n\t\t\t<span class=\"elementor-divider-separator\">\n\t\t\t\t\t\t<\/span>\n\t\t<\/div>\n\t\t\t\t\t\t<\/div>\n\t\t\t\t<\/div>\n\t\t\t\t\t<\/div>\n\t\t<\/div>\n\t\t\t\t\t<\/div>\n\t\t<\/section>\n\t\t\t\t<section class=\"elementor-section elementor-top-section elementor-element elementor-element-744146c elementor-section-boxed elementor-section-height-default elementor-section-height-default\" data-id=\"744146c\" data-element_type=\"section\" data-e-type=\"section\" data-settings=\"{&quot;background_background&quot;:&quot;classic&quot;,&quot;_ha_eqh_enable&quot;:false}\">\n\t\t\t\t\t\t<div class=\"elementor-container elementor-column-gap-default\">\n\t\t\t\t\t<div class=\"elementor-column elementor-col-100 elementor-top-column elementor-element elementor-element-d5f89be\" data-id=\"d5f89be\" data-element_type=\"column\" data-e-type=\"column\">\n\t\t\t<div class=\"elementor-widget-wrap elementor-element-populated\">\n\t\t\t\t\t\t<div class=\"elementor-element elementor-element-1388bb0 elementor-widget elementor-widget-text-editor\" data-id=\"1388bb0\" data-element_type=\"widget\" data-e-type=\"widget\" data-widget_type=\"text-editor.default\">\n\t\t\t\t<div class=\"elementor-widget-container\">\n\t\t\t\t\t\t\t\t\t<p class=\"s18\"><span class=\"s12\">Ouzeez<\/span><span class=\"s12\">, soucieux des droits des individus, notamment au regard des traitements automatis\u00e9s et dans une volont\u00e9 de transparence avec ses clients, a mis en place une politique reprenant <\/span><span class=\"s12\">l\u2019ensemble de ces <\/span><span class=\"s12\">traitements, des finalit\u00e9s poursuivies par ces derniers ainsi que des moyens <\/span><span class=\"s12\">d\u2019actions \u00e0 la<\/span> <span class=\"s12\">disposition des individus afin qu\u2019ils puissent au mieux exercer leurs droits.<\/span><span class=\"s12\"> Pour toute information compl\u00e9mentaire sur la protection des donn\u00e9es personnelles, nous vous invitons \u00e0 consulter le site : <\/span><a href=\"https:\/\/www.cnil.fr\/\"><span class=\"s17\">https:\/\/www.cnil.fr\/<\/span><\/a><\/p><p class=\"s19\"><span class=\"s12\">La poursuite de la navigation sur ce site vaut acceptation sans r\u00e9serve des dispositions et conditions <\/span><span class=\"s12\">d\u2019utilisation qui suivent.<\/span> <span class=\"s12\">La version actuellement en ligne de ces conditions d\u2019utilisation est la seule <\/span><span class=\"s12\">opposable pendant toute la dur\u00e9e <\/span><span class=\"s12\">d\u2019utilisation du site et jusqu\u2019\u00e0 ce qu\u2019une nouvelle version la <\/span><span class=\"s12\">remplace. <\/span><\/p><p class=\"s22\"><strong><span class=\"s21\"><span style=\"color: #11bfbf;\">Article 1 \u2013 Mentions l\u00e9gales<\/span> <\/span><\/strong><\/p><p class=\"s16\"><span class=\"s24\">1.1<\/span> <span class=\"s24\">Site (ci-apr\u00e8s \u00ab le site \u00bb) <\/span><\/p><p class=\"s19\"><span class=\"s12\">Ouzeez<\/span><\/p><p class=\"s22\"><span class=\"s26\">1.2<\/span> <span class=\"s26\">\u00c9diteur (ci-apr\u00e8s \u00ab l\u2019\u00e9diteur \u00bb) <\/span><\/p><p class=\"s19\"><span class=\"s12\">Nom commercial : <\/span><span class=\"s12\">Ouzeez<\/span><\/p><p class=\"s19\"><span class=\"s12\">Statut juridique : entrepreneur individuel<\/span><\/p><p class=\"s19\"><span class=\"s12\">Adresse : 2 bis rue <\/span><span class=\"s12\">Taillasson<\/span><span class=\"s12\"> Mazel <\/span><span class=\"s12\">\u2013<\/span><span class=\"s12\"> 17100 SAINTES<\/span><\/p><p class=\"s19\"><span class=\"s12\">T\u00e9l\u00e9phone : 06 09 53 51 68<\/span><\/p><p class=\"s19\"><span class=\"s12\">Email : photo@ouzeez.fr<\/span><\/p><p class=\"s19\"><span class=\"s12\">SIRET : 930 408 281<\/span><\/p><p class=\"s19\"><span class=\"s12\">TVA intracommunautaire : Non soumis \u00e0 TVA<\/span><\/p><p class=\"s16\"><span class=\"s24\">1.3<\/span> <span class=\"s24\">H\u00e9bergeur (ci-apr\u00e8s \u00ab l\u2019h\u00e9bergeur \u00bb) <\/span><\/p><p class=\"s19\"><span class=\"s12\">Ouzeez<\/span><span class=\"s12\"> est h\u00e9berg\u00e9 par 3310STREET SAS 44 avenue Saint Surin 87000 Limoges <\/span><\/p><p class=\"s22\"><strong><span class=\"s21\"><span style=\"color: #11bfbf;\">Article 2 \u2013 Acc\u00e8s au site<\/span> <\/span><\/strong><\/p><p class=\"s19\"><span class=\"s12\">L\u2019acc\u00e8s au site et son utilisation sont r\u00e9serv\u00e9s \u00e0 un usage strictement personnel. Vous vous engagez <\/span><span class=\"s12\">\u00e0 ne pas utiliser ce site et les informations ou donn\u00e9es qui y figurent \u00e0 des fins commerciales, politiques, <\/span><span class=\"s12\">publicitaires et pour toute forme de sollicitation commerciale et notamment l\u2019envoi de <\/span><span class=\"s12\">courriers \u00e9lectroniques non sollicit\u00e9s. <\/span><\/p><p class=\"s22\"><strong><span class=\"s21\"><span style=\"color: #11bfbf;\">Article 3 \u2013 Contenu du site<\/span> <\/span><\/strong><\/p><p class=\"s19\"><span class=\"s12\">Toutes les marques, photographies, textes, commentaires, illustrations, images anim\u00e9es ou non, s\u00e9quences vid\u00e9o, sons, ainsi que toutes les applications informatiques qui pourraient \u00eatre utilis\u00e9es pour faire fonctionner ce site et plus g\u00e9n\u00e9ralement tous les \u00e9l\u00e9ments reproduits ou utilis\u00e9s sur le site sont prot\u00e9g\u00e9s par les lois en vigueur au titre de la propri\u00e9t\u00e9 intellectuelle. Ils sont la propri\u00e9t\u00e9 pleine <\/span><span class=\"s12\">et enti\u00e8re de l\u2019\u00e9diteur ou de ses partenaires. Toute reproduction, repr\u00e9sentation,<\/span><span class=\"s12\"> utilisation ou adaptation, sous quelque forme que ce soit, de tout ou partie de ces \u00e9l\u00e9ments, y compris les <\/span><span class=\"s12\">applications informatiques, sans l\u2019accord pr\u00e9alable et \u00e9crit de l\u2019\u00e9diteur, sont strictement interdites. Le <\/span><span class=\"s12\">fait pour <\/span><span class=\"s12\">l\u2019\u00e9diteur de ne pas engager de proc\u00e9dure d\u00e8s la prise de connaissance de ces utilisations <\/span><span class=\"s12\">non autoris\u00e9es ne vaut pas acceptation desdites utilisations et renonciation aux poursuites. <\/span><\/p><p class=\"s22\"><strong><span class=\"s21\"><span style=\"color: #11bfbf;\">Article 4 \u2013 Gestion du site<\/span> <\/span><\/strong><\/p><p class=\"s19\"><span class=\"s12\">Pour la bonne gestion du site, <\/span><span class=\"s12\">l\u2019\u00e9diteur pourra \u00e0 tout moment :<\/span><\/p><div class=\"s31\"><span class=\"s30\">\u2013 <\/span><span class=\"s12\">Suspendre<\/span><span class=\"s12\">, interrompre ou limiter l\u2019acc\u00e8s \u00e0 tout ou partie du site, r\u00e9server l\u2019acc\u00e8s au site, ou <\/span><span class=\"s12\">\u00e0 certaines parties <\/span><span class=\"s12\">du site, \u00e0 une cat\u00e9gorie d\u00e9termin\u00e9e d\u2019internautes ;<\/span><\/div><div class=\"s31\"><span class=\"s30\">\u2013 <\/span><span class=\"s12\">Supprimer toute information pouvant en perturber le fonctionnement ou entrant en contravention avec les lois nationales ou internationales ; <\/span><span class=\"s12\">\u2013<\/span> \u200b<span class=\"s12\">Suspendre le site afin de proc\u00e9der \u00e0 des mises \u00e0 jour. <\/span><\/div><p class=\"s22\"><strong><span class=\"s21\"><span style=\"color: #11bfbf;\">Article 5 \u2013 Responsabilit\u00e9s<\/span> <\/span><\/strong><\/p><p class=\"s33\"><span class=\"s12\">La responsabilit\u00e9 de l\u2019\u00e9diteur ne peut \u00eatre engag\u00e9e en cas de d\u00e9faillance, panne, difficult\u00e9 ou <\/span><span class=\"s12\">interruption de <\/span><span class=\"s12\">fonctionnement, emp\u00eachant l\u2019acc\u00e8s au site ou \u00e0 une de ses fonctionnalit\u00e9s.<\/span><span class=\"s12\"> Le mat\u00e9riel de connexion au site que vous utilisez est sous votre enti\u00e8re responsabilit\u00e9. Vous devez prendre toutes les mesures appropri\u00e9es pour prot\u00e9ger votre mat\u00e9riel et vos propres donn\u00e9es <\/span><span class=\"s12\">notamment d\u2019attaques virales<\/span><span class=\"s12\"> par Internet. Vous \u00eates par ailleurs seul responsable des sites et donn\u00e9es que vous consultez. <\/span><\/p><p class=\"s34\"><span class=\"s12\">L\u2019\u00e9diteur ne pourra \u00eatre tenu responsable en cas de poursuites judiciaires \u00e0 votre encontre :<\/span><span class=\"s12\">\u2013<\/span> \u200b<span class=\"s12\">Du <\/span><span class=\"s12\">fait de l\u2019usage du site ou de tout service accessible via Internet ;<\/span> <span class=\"s12\">\u2013<\/span> \u200b<span class=\"s12\">Du fait du non-respect par vous des pr\u00e9sentes conditions g\u00e9n\u00e9rales. <\/span><\/p><p class=\"s19\"><span class=\"s12\">L\u2019\u00e9diteur n\u2019est pas responsable des dommages caus\u00e9s \u00e0 vous<\/span><span class=\"s12\">-m\u00eame, \u00e0 des tiers et\/ou \u00e0 votre \u00e9quipement du fait de votre connexion ou de votre utilisation du site et vous renoncez \u00e0 toute action contre lui de ce fait. <\/span><\/p><p class=\"s19\"><span class=\"s12\">Si l\u2019\u00e9diteur venait \u00e0 faire l\u2019objet d\u2019une proc\u00e9dure amiable ou judiciaire en raison de votre utilisation <\/span><span class=\"s12\">du site, il <\/span><span class=\"s12\">pourra se retourner contre vous pour obtenir l\u2019indemnisation de tous les pr\u00e9judices, <\/span><span class=\"s12\">sommes, condamnations et frais qui pourraient d\u00e9couler de cette proc\u00e9dure. <\/span><\/p><p class=\"s22\"><strong><span class=\"s21\"><span style=\"color: #11bfbf;\">Article 6 \u2013 Liens hypertextes<\/span> <\/span><\/strong><\/p><p class=\"s19\"><span class=\"s12\">La mise en place par les utilisateurs de tous liens hypertextes vers tout ou partie du site est autoris\u00e9e <\/span><span class=\"s12\">par l\u2019\u00e9diteur.<\/span><\/p><p class=\"s19\"><span class=\"s12\">Tout lien devra \u00eatre retir\u00e9 sur simple demande de l\u2019\u00e9diteur.<\/span><\/p><p class=\"s19\"><span class=\"s12\">Toute information accessible via un lien vers d\u2019autres sites n\u2019est pas publi\u00e9e par l\u2019\u00e9diteur. L\u2019\u00e9diteur ne <\/span><span class=\"s12\">dispose <\/span><span class=\"s12\">d\u2019aucun droit sur le contenu pr\u00e9sent dans ledit lien.<\/span><\/p><p class=\"s22\"><strong><span class=\"s21\" style=\"color: #11bfbf;\">Article 7 \u2013 Donn\u00e9es personnelles <\/span><\/strong><\/p><p class=\"s19\"><span class=\"s12\">Les donn\u00e9es personnelles collect\u00e9es lors de la commande sont trait\u00e9es conform\u00e9ment \u00e0 la r\u00e9glementation en vigueur (RGPD). <\/span><\/p><p class=\"s22\"><span class=\"s26\">7.1. Collecte et utilisation des donn\u00e9es personnelles <\/span><\/p><p class=\"s19\"><span class=\"s12\">Le Prestataire collecte et traite des donn\u00e9es personnelles du Client dans le cadre de l\u2019ex\u00e9cution des <\/span><span class=\"s12\">prestations de photographie, vid\u00e9ographie et autres services associ\u00e9s. Ces donn\u00e9es sont n\u00e9cessaires pour la gestion des commandes, la communication avec le Client, la facturation, la livraison des prestations, et la gestion des \u00e9ventuelles r\u00e9clamations.<\/span><\/p><p class=\"s22\"><span class=\"s26\">7.2. Finalit\u00e9s du traitement des donn\u00e9es <\/span><\/p><p class=\"s19\"><span class=\"s12\">Les donn\u00e9es personnelles collect\u00e9es sont utilis\u00e9es pour les finalit\u00e9s suivantes : <\/span><\/p><div class=\"s35\"><span class=\"s30\">\u2013 <\/span><span class=\"s12\">La gestion des relations commerciales avec le Client ; <\/span><\/div><div class=\"s35\"><span class=\"s30\">\u2013 <\/span><span class=\"s12\">L\u2019ex\u00e9cution des prestations ;<\/span><\/div><div class=\"s35\"><span class=\"s30\">\u2013 <\/span><span class=\"s12\">L\u2019\u00e9tablissement des devis, factures et documents li\u00e9s \u00e0 la Prestation ;<\/span><\/div><div class=\"s35\"><span class=\"s30\">\u2013 <\/span><span class=\"s12\">La gestion de la relation apr\u00e8s-<\/span><span class=\"s12\">vente, notamment en cas de r\u00e9clamation, d\u2019annulation, ou <\/span><span class=\"s12\">de modification de la commande ; <\/span><\/div><div class=\"s35\"><span class=\"s30\">\u2013 <\/span><span class=\"s12\">L\u2019envoi d\u2019informations commerciales, offres promotionnelles ou actualit\u00e9s li\u00e9es aux services <\/span><span class=\"s12\">du Prestataire. <\/span><\/div><p class=\"s22\"><span class=\"s26\">7.3. Dur\u00e9e de conservation des donn\u00e9es <\/span><\/p><p class=\"s19\"><span class=\"s12\">Les donn\u00e9es personnelles seront conserv\u00e9es pour une dur\u00e9e qui n\u2019exc\u00e8de pas celle n\u00e9cessaire \u00e0 la <\/span><span class=\"s12\">gestion de la relation contractuelle et \u00e0 des fins administratives. <\/span><\/p><p class=\"s19\"><span class=\"s12\">Les donn\u00e9es relatives aux commandes seront conserv\u00e9es pendant une dur\u00e9e de 5 ans \u00e0 compter de la cl\u00f4ture de la prestation, pour des raisons fiscales et comptables. <\/span><\/p><p class=\"s19\"><span class=\"s12\">Les donn\u00e9es relatives \u00e0 la prospection commerciale pourront \u00eatre conserv\u00e9es pendant 3 ans apr\u00e8s le dernier contact avec le Client, sauf si le Client exerce son droit de suppression ou de retrait de son consentement. <\/span><\/p><p class=\"s22\"><span class=\"s26\">7.4. Destinataires des donn\u00e9es <\/span><\/p><p class=\"s19\"><span class=\"s12\">Les donn\u00e9es personnelles collect\u00e9es peuvent \u00eatre communiqu\u00e9es aux tiers suivants : <\/span><\/p><div class=\"s35\"><span class=\"s30\">\u2013 <\/span><span class=\"s12\">Sous-traitants : Le Prestataire peut faire appel \u00e0 des sous-traitants pour certaines <\/span><span class=\"s12\">prestations, telles que l\u2019impression de photos ou la gestion des paiements. Ces <\/span><span class=\"s12\">soustraitants<\/span><span class=\"s12\"> s\u2019engagent \u00e0 respecter la confidentialit\u00e9 et la s\u00e9curit\u00e9 des donn\u00e9es personn<\/span><span class=\"s12\">elles. <\/span><\/div><div class=\"s35\"><span class=\"s30\">\u2013 <\/span><span class=\"s12\">Prestataires de paiement. <\/span><\/div><p class=\"s19\"><span class=\"s12\">Pour toute question ou demande relative aux donn\u00e9es personnelles, le client peut contacter le <\/span><span class=\"s12\">Prestataire \u00e0 l\u2019adresse contact du pr\u00e9sent site.<\/span><\/p><p class=\"s22\"><strong><span class=\"s21\"><span style=\"color: #11bfbf;\">Article 8 \u2013 Offres commerciales<\/span> <\/span><\/strong><\/p><p class=\"s19\"><span class=\"s12\">Vous \u00eates susceptible de recevoir des offres commerciales de l\u2019\u00e9diteur. Si vous ne le souhaitez pas, <\/span><span class=\"s12\">veuillez envoyer un message \u00e0 <\/span><span class=\"s17\">photo@ouzeez.fr<\/span><span class=\"s12\"> \u00a0<\/span><\/p><p class=\"s19\"><span class=\"s12\">Vos donn\u00e9es sont susceptibles d\u2019\u00eatre utilis\u00e9es par les partenaires de l\u2019\u00e9diteur \u00e0 des fins de <\/span><span class=\"s12\">prospection commerciale, si vous ne le souhaitez pas, veuillez envoyer un message \u00e0 <\/span><span class=\"s17\">photo@ouzeez.fr<\/span><span class=\"s12\"> \u00a0<\/span><\/p><p class=\"s19\"><span class=\"s12\">Si, lors de la consultation du site, vous acc\u00e9dez \u00e0 des donn\u00e9es \u00e0 caract\u00e8re personnel, vous devez vous abstenir de toute collecte, de toute utilisation non autoris\u00e9e et de tout acte pouvant constituer une atteinte \u00e0 la vie priv\u00e9e ou \u00e0 <\/span><span class=\"s12\">la r\u00e9putation des personnes. L\u2019\u00e9diteur d\u00e9cline toute responsabilit\u00e9 \u00e0 <\/span><span class=\"s12\">cet \u00e9gard. <\/span><\/p><p class=\"s19\"><span class=\"s12\">Les donn\u00e9es sont conserv\u00e9es et utilis\u00e9es pour une dur\u00e9e conforme \u00e0 la l\u00e9gislation en vigueur. <\/span><\/p><p class=\"s22\"><span class=\"s21\" style=\"color: #11bfbf;\"><strong>Article 9 \u2013 Photographies et repr\u00e9sentation des produits<\/strong> <\/span><\/p><p class=\"s19\"><span class=\"s12\">Les photographies de produits, accompagnant leur description, ne sont pas contractuelles et <\/span><span class=\"s12\">n\u2019engagent pas<\/span> <span class=\"s12\">l\u2019\u00e9diteur.<\/span><\/p><p class=\"s22\"><strong><span class=\"s21\"><span style=\"color: #11bfbf;\">Article 10 \u2013 Loi applicable<\/span> <\/span><\/strong><\/p><p class=\"s19\"><span class=\"s12\">Les pr\u00e9sentes conditions d\u2019utilisation du site sont r\u00e9gies par la loi fran\u00e7aise et soumises \u00e0 la <\/span><span class=\"s12\">comp\u00e9tence des <\/span><span class=\"s12\">tribunaux du si\u00e8ge social de l\u2019\u00e9diteur, sous r\u00e9serve d\u2019une attribution de comp\u00e9tence sp\u00e9cifique d\u00e9coulant d\u2019un<\/span><span class=\"s12\"> texte de loi ou r\u00e9glementaire particulier. <\/span><\/p><p class=\"s22\"><strong><span class=\"s21\"><span style=\"color: #11bfbf;\">Article 11 \u2013 Contactez-nous<\/span> <\/span><\/strong><\/p><p class=\"s19\"><span class=\"s12\">Pour toute question, information sur les produits pr\u00e9sent\u00e9s sur le site, ou concernant le site <\/span><span class=\"s12\">lui-m\u00eame<\/span><span class=\"s12\">, vous <\/span><span class=\"s12\">pouvez laisser un message \u00e0 l\u2019adresse suivante : <\/span><span class=\"s17\">photo@ouzeez.fr<\/span><span class=\"s12\"> \u00a0<\/span><\/p>\t\t\t\t\t\t\t\t<\/div>\n\t\t\t\t<\/div>\n\t\t\t\t\t<\/div>\n\t\t<\/div>\n\t\t\t\t\t<\/div>\n\t\t<\/section>\n\t\t\t\t<\/div>\n\t\t","protected":false},"excerpt":{"rendered":"<p>Ouzeez, soucieux des droits des individus, notamment au regard des traitements automatis\u00e9s et dans une volont\u00e9 de transparence avec ses clients, a mis en place une politique reprenant l\u2019ensemble de ces traitements, des finalit\u00e9s poursuivies par ces derniers ainsi que des moyens d\u2019actions \u00e0 la disposition des individus afin qu\u2019ils puissent au mieux exercer leurs [&hellip;]<\/p>\n","protected":false},"author":1,"featured_media":0,"parent":0,"menu_order":0,"comment_status":"closed","ping_status":"closed","template":"elementor_header_footer","meta":{"_seopress_robots_primary_cat":"","_seopress_titles_title":"","_seopress_titles_desc":"","_seopress_robots_index":"","footnotes":""},"class_list":["post-2959","page","type-page","status-publish","hentry"],"_links":{"self":[{"href":"https:\/\/ouzeez.fr\/index.php?rest_route=\/wp\/v2\/pages\/2959","targetHints":{"allow":["GET"]}}],"collection":[{"href":"https:\/\/ouzeez.fr\/index.php?rest_route=\/wp\/v2\/pages"}],"about":[{"href":"https:\/\/ouzeez.fr\/index.php?rest_route=\/wp\/v2\/types\/page"}],"author":[{"embeddable":true,"href":"https:\/\/ouzeez.fr\/index.php?rest_route=\/wp\/v2\/users\/1"}],"replies":[{"embeddable":true,"href":"https:\/\/ouzeez.fr\/index.php?rest_route=%2Fwp%2Fv2%2Fcomments&post=2959"}],"version-history":[{"count":13,"href":"https:\/\/ouzeez.fr\/index.php?rest_route=\/wp\/v2\/pages\/2959\/revisions"}],"predecessor-version":[{"id":2984,"href":"https:\/\/ouzeez.fr\/index.php?rest_route=\/wp\/v2\/pages\/2959\/revisions\/2984"}],"wp:attachment":[{"href":"https:\/\/ouzeez.fr\/index.php?rest_route=%2Fwp%2Fv2%2Fmedia&parent=2959"}],"curies":[{"name":"wp","href":"https:\/\/api.w.org\/{rel}","templated":true}]}}