{"id":123,"date":"2024-11-12T09:09:11","date_gmt":"2024-11-12T09:09:11","guid":{"rendered":"https:\/\/ouzeez.3310street.com\/?page_id=123"},"modified":"2024-12-11T16:13:23","modified_gmt":"2024-12-11T16:13:23","slug":"qui-suis-je","status":"publish","type":"page","link":"https:\/\/ouzeez.fr\/?page_id=123","title":{"rendered":"qui suis-je"},"content":{"rendered":"\t\t<div data-elementor-type=\"wp-page\" data-elementor-id=\"123\" class=\"elementor elementor-123\" data-elementor-settings=\"{&quot;ha_cmc_init_switcher&quot;:&quot;no&quot;}\" data-elementor-post-type=\"page\">\n\t\t\t\t\t\t<section class=\"elementor-section elementor-top-section elementor-element elementor-element-47c0400 elementor-section-full_width elementor-section-height-default elementor-section-height-default\" data-id=\"47c0400\" data-element_type=\"section\" data-e-type=\"section\" data-settings=\"{&quot;_ha_eqh_enable&quot;:false}\">\n\t\t\t\t\t\t<div class=\"elementor-container elementor-column-gap-default\">\n\t\t\t\t\t<div class=\"elementor-column elementor-col-100 elementor-top-column elementor-element elementor-element-1022b63\" data-id=\"1022b63\" data-element_type=\"column\" data-e-type=\"column\">\n\t\t\t<div class=\"elementor-widget-wrap elementor-element-populated\">\n\t\t\t\t\t\t<div class=\"elementor-element elementor-element-9a5c208 elementor-widget elementor-widget-heading\" data-id=\"9a5c208\" data-element_type=\"widget\" data-e-type=\"widget\" data-widget_type=\"heading.default\">\n\t\t\t\t<div class=\"elementor-widget-container\">\n\t\t\t\t\t<h2 class=\"elementor-heading-title elementor-size-default\">Qui suis-je ?<\/h2>\t\t\t\t<\/div>\n\t\t\t\t<\/div>\n\t\t\t\t<div class=\"elementor-element elementor-element-c5e78fb elementor-widget-divider--view-line elementor-widget elementor-widget-divider\" data-id=\"c5e78fb\" data-element_type=\"widget\" data-e-type=\"widget\" data-widget_type=\"divider.default\">\n\t\t\t\t<div class=\"elementor-widget-container\">\n\t\t\t\t\t\t\t<div class=\"elementor-divider\">\n\t\t\t<span class=\"elementor-divider-separator\">\n\t\t\t\t\t\t<\/span>\n\t\t<\/div>\n\t\t\t\t\t\t<\/div>\n\t\t\t\t<\/div>\n\t\t\t\t\t<\/div>\n\t\t<\/div>\n\t\t\t\t\t<\/div>\n\t\t<\/section>\n\t\t\t\t<section class=\"elementor-section elementor-top-section elementor-element elementor-element-2f94cc3 elementor-section-full_width elementor-section-height-default elementor-section-height-default\" data-id=\"2f94cc3\" data-element_type=\"section\" data-e-type=\"section\" data-settings=\"{&quot;background_background&quot;:&quot;classic&quot;,&quot;_ha_eqh_enable&quot;:false}\">\n\t\t\t\t\t\t<div class=\"elementor-container elementor-column-gap-default\">\n\t\t\t\t\t<div class=\"elementor-column elementor-col-33 elementor-top-column elementor-element elementor-element-315f4f0\" data-id=\"315f4f0\" data-element_type=\"column\" data-e-type=\"column\">\n\t\t\t<div class=\"elementor-widget-wrap elementor-element-populated\">\n\t\t\t\t\t\t<div class=\"elementor-element elementor-element-ea80f78 elementor-widget elementor-widget-heading\" data-id=\"ea80f78\" data-element_type=\"widget\" data-e-type=\"widget\" data-widget_type=\"heading.default\">\n\t\t\t\t<div class=\"elementor-widget-container\">\n\t\t\t\t\t<h1 class=\"elementor-heading-title elementor-size-default\">Je suis Ouzeez, photographe de l\u2019invisible et conteur d\u2019histoires visuelles.<\/h1>\t\t\t\t<\/div>\n\t\t\t\t<\/div>\n\t\t\t\t\t<\/div>\n\t\t<\/div>\n\t\t\t\t<div class=\"elementor-column elementor-col-33 elementor-top-column elementor-element elementor-element-a2d9ef1\" data-id=\"a2d9ef1\" data-element_type=\"column\" data-e-type=\"column\">\n\t\t\t<div class=\"elementor-widget-wrap elementor-element-populated\">\n\t\t\t\t\t\t<div class=\"elementor-element elementor-element-138e731 elementor-widget elementor-widget-text-editor\" data-id=\"138e731\" data-element_type=\"widget\" data-e-type=\"widget\" data-widget_type=\"text-editor.default\">\n\t\t\t\t<div class=\"elementor-widget-container\">\n\t\t\t\t\t\t\t\t\t<p><span class=\"dig-1hicw9p1_3-8-0 dig-1hicw9p0_3-8-0 dig-ekabin0_3-8-0 dig-Theme-vis2023 dig-Theme-vis2023--dark dig-Mode--dark In-Theme-Provider\">Mon nom, un clin d\u2019\u0153il \u00e0 une perspective d\u00e9cal\u00e9e, refl\u00e8te ma mani\u00e8re unique de voir le monde. Passionn\u00e9 par la nature et ses merveilles, je me sp\u00e9cialise dans la capture de ce que beaucoup ignorent : les jeux de lumi\u00e8re \u00e9ph\u00e9m\u00e8res, les textures imperceptibles, et les moments fugaces qui composent la po\u00e9sie du quotidien. Mon travail se situe \u00e0 la crois\u00e9e de l\u2019art et de la p\u00e9dagogie. \u00c0 travers mes images, je cherche \u00e0 \u00e9veiller une prise de conscience et \u00e0 inspirer l\u2019\u00e9merveillement. Qu\u2019il s\u2019agisse d\u2019un insecte en pleine action, d\u2019une goutte de ros\u00e9e illumin\u00e9e par le soleil ou des reflets dans une inondation, mes clich\u00e9s r\u00e9v\u00e8lent la beaut\u00e9 fragile de notre environnement. Chaque photo raconte une histoire, un fragment de la complexit\u00e9 et de la richesse du monde naturel.<\/span><\/p>\t\t\t\t\t\t\t\t<\/div>\n\t\t\t\t<\/div>\n\t\t\t\t\t<\/div>\n\t\t<\/div>\n\t\t\t\t<div class=\"elementor-column elementor-col-33 elementor-top-column elementor-element elementor-element-04b35ac\" data-id=\"04b35ac\" data-element_type=\"column\" data-e-type=\"column\">\n\t\t\t<div class=\"elementor-widget-wrap\">\n\t\t\t\t\t\t\t<\/div>\n\t\t<\/div>\n\t\t\t\t\t<\/div>\n\t\t<\/section>\n\t\t\t\t<section class=\"elementor-section elementor-top-section elementor-element elementor-element-847fee5 elementor-section-full_width elementor-section-height-default elementor-section-height-default\" data-id=\"847fee5\" data-element_type=\"section\" data-e-type=\"section\" data-settings=\"{&quot;background_background&quot;:&quot;classic&quot;,&quot;_ha_eqh_enable&quot;:false}\">\n\t\t\t\t\t\t<div class=\"elementor-container elementor-column-gap-default\">\n\t\t\t\t\t<div class=\"elementor-column elementor-col-33 elementor-top-column elementor-element elementor-element-8084906\" data-id=\"8084906\" data-element_type=\"column\" data-e-type=\"column\">\n\t\t\t<div class=\"elementor-widget-wrap elementor-element-populated\">\n\t\t\t\t\t\t<div class=\"elementor-element elementor-element-7da79e8 elementor-widget elementor-widget-image\" data-id=\"7da79e8\" data-element_type=\"widget\" data-e-type=\"widget\" data-widget_type=\"image.default\">\n\t\t\t\t<div class=\"elementor-widget-container\">\n\t\t\t\t\t\t\t\t\t\t\t\t\t\t\t<img alt=\"\" fetchpriority=\"high\" decoding=\"async\" width=\"1707\" height=\"2560\" src=\"https:\/\/ouzeez.fr\/wp-content\/uploads\/2024\/12\/104-scaled.jpg\" class=\"attachment-full size-full wp-image-1591\" alt=\"\" srcset=\"https:\/\/ouzeez.fr\/wp-content\/uploads\/2024\/12\/104-scaled.jpg 1707w, https:\/\/ouzeez.fr\/wp-content\/uploads\/2024\/12\/104-200x300.jpg 200w, https:\/\/ouzeez.fr\/wp-content\/uploads\/2024\/12\/104-683x1024.jpg 683w, https:\/\/ouzeez.fr\/wp-content\/uploads\/2024\/12\/104-768x1152.jpg 768w, https:\/\/ouzeez.fr\/wp-content\/uploads\/2024\/12\/104-1024x1536.jpg 1024w, https:\/\/ouzeez.fr\/wp-content\/uploads\/2024\/12\/104-1366x2048.jpg 1366w\" sizes=\"(max-width: 1707px) 100vw, 1707px\" \/>\t\t\t\t\t\t\t\t\t\t\t\t\t\t\t<\/div>\n\t\t\t\t<\/div>\n\t\t\t\t\t<\/div>\n\t\t<\/div>\n\t\t\t\t<div class=\"elementor-column elementor-col-33 elementor-top-column elementor-element elementor-element-6c8105f\" data-id=\"6c8105f\" data-element_type=\"column\" data-e-type=\"column\">\n\t\t\t<div class=\"elementor-widget-wrap elementor-element-populated\">\n\t\t\t\t\t\t<div class=\"elementor-element elementor-element-b144709 elementor-hidden-tablet elementor-hidden-mobile elementor-widget elementor-widget-image\" data-id=\"b144709\" data-element_type=\"widget\" data-e-type=\"widget\" data-widget_type=\"image.default\">\n\t\t\t\t<div class=\"elementor-widget-container\">\n\t\t\t\t\t\t\t\t\t\t\t\t\t\t\t<img alt=\"\" decoding=\"async\" width=\"1000\" height=\"750\" src=\"https:\/\/ouzeez.fr\/wp-content\/uploads\/2024\/11\/W43P7030303.jpg\" class=\"attachment-full size-full wp-image-50\" alt=\"\" srcset=\"https:\/\/ouzeez.fr\/wp-content\/uploads\/2024\/11\/W43P7030303.jpg 1000w, https:\/\/ouzeez.fr\/wp-content\/uploads\/2024\/11\/W43P7030303-300x225.jpg 300w, https:\/\/ouzeez.fr\/wp-content\/uploads\/2024\/11\/W43P7030303-768x576.jpg 768w\" sizes=\"(max-width: 1000px) 100vw, 1000px\" \/>\t\t\t\t\t\t\t\t\t\t\t\t\t\t\t<\/div>\n\t\t\t\t<\/div>\n\t\t\t\t<div class=\"elementor-element elementor-element-e2b791a elementor-widget elementor-widget-spacer\" data-id=\"e2b791a\" data-element_type=\"widget\" data-e-type=\"widget\" data-widget_type=\"spacer.default\">\n\t\t\t\t<div class=\"elementor-widget-container\">\n\t\t\t\t\t\t\t<div class=\"elementor-spacer\">\n\t\t\t<div class=\"elementor-spacer-inner\"><\/div>\n\t\t<\/div>\n\t\t\t\t\t\t<\/div>\n\t\t\t\t<\/div>\n\t\t\t\t<div class=\"elementor-element elementor-element-8b9e3cb elementor-widget elementor-widget-text-editor\" data-id=\"8b9e3cb\" data-element_type=\"widget\" data-e-type=\"widget\" data-widget_type=\"text-editor.default\">\n\t\t\t\t<div class=\"elementor-widget-container\">\n\t\t\t\t\t\t\t\t\t<p><span class=\"dig-1hicw9p1_3-8-0 dig-1hicw9p0_3-8-0 dig-ekabin0_3-8-0 dig-Theme-vis2023 dig-Theme-vis2023--dark dig-Mode--dark In-Theme-Provider\">Ma d\u00e9marche est introspective et profond\u00e9ment ancr\u00e9e dans l\u2019\u00e9motion. Lorsque je photographie, je cherche \u00e0 capturer non seulement l\u2019image, mais aussi l\u2019instant, l\u2019\u00e9nergie et l\u2019harmonie qui s\u2019en d\u00e9gagent. La patience est au c\u0153ur de mon processus : je peux rester immobile des heures durant, observant silencieusement la vie qui s\u2019\u00e9panouit autour de moi, pour saisir le moment id\u00e9al. Mes inspirations sont multiples : les contrastes entre lumi\u00e8re et ombre, la beaut\u00e9 qui surgit des paradoxes, et l\u2019id\u00e9e que chaque d\u00e9tail, aussi infime soit-il, a une histoire \u00e0 raconter. Que ce soit \u00e0 travers la fragilit\u00e9 d\u2019une fleur ou la puissance intemporelle d\u2019un objet m\u00e9canique, mes photographies sont une invitation \u00e0 ralentir, \u00e0 observer et \u00e0 ressentir.<\/span><\/p>\t\t\t\t\t\t\t\t<\/div>\n\t\t\t\t<\/div>\n\t\t\t\t<div class=\"elementor-element elementor-element-3ed63ad elementor-widget elementor-widget-spacer\" data-id=\"3ed63ad\" data-element_type=\"widget\" data-e-type=\"widget\" data-widget_type=\"spacer.default\">\n\t\t\t\t<div class=\"elementor-widget-container\">\n\t\t\t\t\t\t\t<div class=\"elementor-spacer\">\n\t\t\t<div class=\"elementor-spacer-inner\"><\/div>\n\t\t<\/div>\n\t\t\t\t\t\t<\/div>\n\t\t\t\t<\/div>\n\t\t\t\t<div class=\"elementor-element elementor-element-6955a97 elementor-hidden-desktop elementor-widget elementor-widget-image\" data-id=\"6955a97\" data-element_type=\"widget\" data-e-type=\"widget\" data-widget_type=\"image.default\">\n\t\t\t\t<div class=\"elementor-widget-container\">\n\t\t\t\t\t\t\t\t\t\t\t\t\t\t\t<img alt=\"\" decoding=\"async\" width=\"1000\" height=\"750\" src=\"https:\/\/ouzeez.fr\/wp-content\/uploads\/2024\/11\/W43P7030303.jpg\" class=\"attachment-full size-full wp-image-50\" alt=\"\" srcset=\"https:\/\/ouzeez.fr\/wp-content\/uploads\/2024\/11\/W43P7030303.jpg 1000w, https:\/\/ouzeez.fr\/wp-content\/uploads\/2024\/11\/W43P7030303-300x225.jpg 300w, https:\/\/ouzeez.fr\/wp-content\/uploads\/2024\/11\/W43P7030303-768x576.jpg 768w\" sizes=\"(max-width: 1000px) 100vw, 1000px\" \/>\t\t\t\t\t\t\t\t\t\t\t\t\t\t\t<\/div>\n\t\t\t\t<\/div>\n\t\t\t\t\t<\/div>\n\t\t<\/div>\n\t\t\t\t<div class=\"elementor-column elementor-col-33 elementor-top-column elementor-element elementor-element-493b7b4\" data-id=\"493b7b4\" data-element_type=\"column\" data-e-type=\"column\">\n\t\t\t<div class=\"elementor-widget-wrap elementor-element-populated\">\n\t\t\t\t\t\t<div class=\"elementor-element elementor-element-1ee3d45 elementor-hidden-tablet elementor-hidden-mobile elementor-widget elementor-widget-image\" data-id=\"1ee3d45\" data-element_type=\"widget\" data-e-type=\"widget\" data-widget_type=\"image.default\">\n\t\t\t\t<div class=\"elementor-widget-container\">\n\t\t\t\t\t\t\t\t\t\t\t\t\t\t\t<img alt=\"\" decoding=\"async\" width=\"1000\" height=\"750\" src=\"https:\/\/ouzeez.fr\/wp-content\/uploads\/2024\/11\/W43P4130298.jpg\" class=\"attachment-full size-full wp-image-64\" alt=\"\" srcset=\"https:\/\/ouzeez.fr\/wp-content\/uploads\/2024\/11\/W43P4130298.jpg 1000w, https:\/\/ouzeez.fr\/wp-content\/uploads\/2024\/11\/W43P4130298-300x225.jpg 300w, https:\/\/ouzeez.fr\/wp-content\/uploads\/2024\/11\/W43P4130298-768x576.jpg 768w\" sizes=\"(max-width: 1000px) 100vw, 1000px\" \/>\t\t\t\t\t\t\t\t\t\t\t\t\t\t\t<\/div>\n\t\t\t\t<\/div>\n\t\t\t\t<div class=\"elementor-element elementor-element-5d6e2ad elementor-widget elementor-widget-spacer\" data-id=\"5d6e2ad\" data-element_type=\"widget\" data-e-type=\"widget\" data-widget_type=\"spacer.default\">\n\t\t\t\t<div class=\"elementor-widget-container\">\n\t\t\t\t\t\t\t<div class=\"elementor-spacer\">\n\t\t\t<div class=\"elementor-spacer-inner\"><\/div>\n\t\t<\/div>\n\t\t\t\t\t\t<\/div>\n\t\t\t\t<\/div>\n\t\t\t\t<div class=\"elementor-element elementor-element-28416af elementor-widget elementor-widget-text-editor\" data-id=\"28416af\" data-element_type=\"widget\" data-e-type=\"widget\" data-widget_type=\"text-editor.default\">\n\t\t\t\t<div class=\"elementor-widget-container\">\n\t\t\t\t\t\t\t\t\t<p><span class=\"dig-1hicw9p1_3-8-0 dig-1hicw9p0_3-8-0 dig-ekabin0_3-8-0 dig-Theme-vis2023 dig-Theme-vis2023--dark dig-Mode--dark In-Theme-Provider\">Au-del\u00e0 de l\u2019esth\u00e9tique, mon travail porte un message. En mettant en lumi\u00e8re la diversit\u00e9 et la complexit\u00e9 du monde naturel, je souhaite sensibiliser \u00e0 l\u2019importance de sa pr\u00e9servation. Avec une touche d\u2019humour et de l\u00e9g\u00e8ret\u00e9, je cherche \u00e9galement \u00e0 rendre mes images accessibles et engageantes, \u00e9tablissant un lien ludique avec ceux qui les regardent. Chaque clich\u00e9 est pour moi une exploration, une qu\u00eate pour d\u00e9couvrir et partager la beaut\u00e9, l\u2019\u00e9ph\u00e9m\u00e8re et le myst\u00e9rieux. Je vous invite \u00e0 parcourir cet univers, \u00e0 laisser vos \u00e9motions r\u00e9sonner avec mes images, et \u00e0 \u00e9changer avec moi pour cr\u00e9er ensemble desprojets qui c\u00e9l\u00e8brent la beaut\u00e9 du monde sous toutes ses formes.<\/span><\/p>\t\t\t\t\t\t\t\t<\/div>\n\t\t\t\t<\/div>\n\t\t\t\t<div class=\"elementor-element elementor-element-451e2bb elementor-widget elementor-widget-spacer\" data-id=\"451e2bb\" data-element_type=\"widget\" data-e-type=\"widget\" data-widget_type=\"spacer.default\">\n\t\t\t\t<div class=\"elementor-widget-container\">\n\t\t\t\t\t\t\t<div class=\"elementor-spacer\">\n\t\t\t<div class=\"elementor-spacer-inner\"><\/div>\n\t\t<\/div>\n\t\t\t\t\t\t<\/div>\n\t\t\t\t<\/div>\n\t\t\t\t<div class=\"elementor-element elementor-element-b19c4e9 elementor-hidden-desktop elementor-widget elementor-widget-image\" data-id=\"b19c4e9\" data-element_type=\"widget\" data-e-type=\"widget\" data-widget_type=\"image.default\">\n\t\t\t\t<div class=\"elementor-widget-container\">\n\t\t\t\t\t\t\t\t\t\t\t\t\t\t\t<img alt=\"\" decoding=\"async\" width=\"1000\" height=\"750\" src=\"https:\/\/ouzeez.fr\/wp-content\/uploads\/2024\/11\/W43P4130298.jpg\" class=\"attachment-full size-full wp-image-64\" alt=\"\" srcset=\"https:\/\/ouzeez.fr\/wp-content\/uploads\/2024\/11\/W43P4130298.jpg 1000w, https:\/\/ouzeez.fr\/wp-content\/uploads\/2024\/11\/W43P4130298-300x225.jpg 300w, https:\/\/ouzeez.fr\/wp-content\/uploads\/2024\/11\/W43P4130298-768x576.jpg 768w\" sizes=\"(max-width: 1000px) 100vw, 1000px\" \/>\t\t\t\t\t\t\t\t\t\t\t\t\t\t\t<\/div>\n\t\t\t\t<\/div>\n\t\t\t\t\t<\/div>\n\t\t<\/div>\n\t\t\t\t\t<\/div>\n\t\t<\/section>\n\t\t\t\t<\/div>\n\t\t","protected":false},"excerpt":{"rendered":"<p>Qui suis-je ? Je suis Ouzeez, photographe de l\u2019invisible et conteur d\u2019histoires visuelles. Mon nom, un clin d\u2019\u0153il \u00e0 une perspective d\u00e9cal\u00e9e, refl\u00e8te ma mani\u00e8re unique de voir le monde. Passionn\u00e9 par la nature et ses merveilles, je me sp\u00e9cialise dans la capture de ce que beaucoup ignorent : les jeux de lumi\u00e8re \u00e9ph\u00e9m\u00e8res, les [&hellip;]<\/p>\n","protected":false},"author":1,"featured_media":0,"parent":0,"menu_order":0,"comment_status":"closed","ping_status":"closed","template":"elementor_header_footer","meta":{"_seopress_robots_primary_cat":"","_seopress_titles_title":"","_seopress_titles_desc":"","_seopress_robots_index":"","footnotes":""},"class_list":["post-123","page","type-page","status-publish","hentry"],"_links":{"self":[{"href":"https:\/\/ouzeez.fr\/index.php?rest_route=\/wp\/v2\/pages\/123","targetHints":{"allow":["GET"]}}],"collection":[{"href":"https:\/\/ouzeez.fr\/index.php?rest_route=\/wp\/v2\/pages"}],"about":[{"href":"https:\/\/ouzeez.fr\/index.php?rest_route=\/wp\/v2\/types\/page"}],"author":[{"embeddable":true,"href":"https:\/\/ouzeez.fr\/index.php?rest_route=\/wp\/v2\/users\/1"}],"replies":[{"embeddable":true,"href":"https:\/\/ouzeez.fr\/index.php?rest_route=%2Fwp%2Fv2%2Fcomments&post=123"}],"version-history":[{"count":343,"href":"https:\/\/ouzeez.fr\/index.php?rest_route=\/wp\/v2\/pages\/123\/revisions"}],"predecessor-version":[{"id":3176,"href":"https:\/\/ouzeez.fr\/index.php?rest_route=\/wp\/v2\/pages\/123\/revisions\/3176"}],"wp:attachment":[{"href":"https:\/\/ouzeez.fr\/index.php?rest_route=%2Fwp%2Fv2%2Fmedia&parent=123"}],"curies":[{"name":"wp","href":"https:\/\/api.w.org\/{rel}","templated":true}]}}